{"id":409,"date":"2023-04-03T21:48:02","date_gmt":"2023-04-03T21:48:02","guid":{"rendered":"https:\/\/lalibre.net\/?page_id=409"},"modified":"2026-03-30T17:38:31","modified_gmt":"2026-03-30T17:38:31","slug":"documentacion","status":"publish","type":"page","link":"https:\/\/lalibre.net\/pt\/documentacion\/","title":{"rendered":"DOCUMENTA\u00c7\u00c3O"},"content":{"rendered":"<div data-elementor-type=\"wp-page\" data-elementor-id=\"409\" class=\"elementor elementor-409\" wpc-filter-elementor-widget=\"1\" data-elementor-post-type=\"page\">\n\t\t\t\t<div class=\"elementor-element elementor-element-8996f2a e-con-full e-flex e-con e-parent\" data-id=\"8996f2a\" data-element_type=\"container\" data-e-type=\"container\" data-settings=\"{&quot;background_background&quot;:&quot;classic&quot;}\">\n\t\t<div class=\"elementor-element elementor-element-1272f45 e-flex e-con-boxed e-con e-child\" data-id=\"1272f45\" data-element_type=\"container\" data-e-type=\"container\">\n\t\t\t\t\t<div class=\"e-con-inner\">\n\t\t\t\t<div class=\"elementor-element elementor-element-18a4831 elementor-widget elementor-widget-heading\" data-id=\"18a4831\" data-element_type=\"widget\" data-e-type=\"widget\" data-widget_type=\"heading.default\">\n\t\t\t\t<div class=\"elementor-widget-container\">\n\t\t\t\t\t<h2 class=\"elementor-heading-title elementor-size-default\">Documenta\u00e7ao<\/h2>\t\t\t\t<\/div>\n\t\t\t\t<\/div>\n\t\t\t\t<div class=\"elementor-element elementor-element-ac813f0 elementor-widget elementor-widget-text-editor\" data-id=\"ac813f0\" data-element_type=\"widget\" data-e-type=\"widget\" data-widget_type=\"text-editor.default\">\n\t\t\t\t<div class=\"elementor-widget-container\">\n\t\t\t\t\t\t\t\t\t<p>Compartilhamos <strong>recursos e guias passo a passo<\/strong> para aprender e fortalecer nossos conhecimentos em <strong data-start=\"1038\" data-end=\"1059\">seguran\u00e7a digital<\/strong>. Aqui voc\u00ea encontrar\u00e1 <strong data-start=\"1104\" data-end=\"1147\">ferramentas livres e de c\u00f3digo aberto<\/strong> para cuidar das suas informa\u00e7\u00f5es e da sua privacidade.<\/p>\t\t\t\t\t\t\t\t<\/div>\n\t\t\t\t<\/div>\n\t\t\t\t\t<\/div>\n\t\t\t\t<\/div>\n\t\t\t\t<\/div>\n\t\t<div class=\"elementor-element elementor-element-2c3309e e-con-full e-flex e-con e-parent\" data-id=\"2c3309e\" data-element_type=\"container\" data-e-type=\"container\" data-settings=\"{&quot;background_background&quot;:&quot;classic&quot;}\">\n\t\t\t\t<div class=\"elementor-element elementor-element-cfc7ed9 elementor-posts--thumbnail-left elementor-grid-3 elementor-grid-tablet-2 elementor-grid-mobile-1 elementor-widget elementor-widget-posts\" data-id=\"cfc7ed9\" data-element_type=\"widget\" data-e-type=\"widget\" data-settings=\"{&quot;classic_row_gap&quot;:{&quot;unit&quot;:&quot;px&quot;,&quot;size&quot;:50,&quot;sizes&quot;:[]},&quot;pagination_type&quot;:&quot;numbers_and_prev_next&quot;,&quot;classic_row_gap_mobile&quot;:{&quot;unit&quot;:&quot;px&quot;,&quot;size&quot;:25,&quot;sizes&quot;:[]},&quot;classic_columns&quot;:&quot;3&quot;,&quot;classic_columns_tablet&quot;:&quot;2&quot;,&quot;classic_columns_mobile&quot;:&quot;1&quot;,&quot;classic_row_gap_tablet&quot;:{&quot;unit&quot;:&quot;px&quot;,&quot;size&quot;:&quot;&quot;,&quot;sizes&quot;:[]}}\" data-widget_type=\"posts.classic\">\n\t\t\t\t<div class=\"elementor-widget-container\">\n\t\t\t\t\t\t\t<div class=\"elementor-posts-container elementor-posts elementor-posts--skin-classic elementor-grid\" role=\"list\">\n\t\t\t\t<article class=\"elementor-post elementor-grid-item post-2255 recurso type-recurso status-publish has-post-thumbnail hentry\" role=\"listitem\">\n\t\t\t\t<a class=\"elementor-post__thumbnail__link\" href=\"https:\/\/lalibre.net\/pt\/recurso\/lo-que-necesitas-saber-de-nextcloud\/\" tabindex=\"-1\" >\n\t\t\t<div class=\"elementor-post__thumbnail\"><img fetchpriority=\"high\" decoding=\"async\" width=\"300\" height=\"300\" src=\"https:\/\/lalibre.net\/wp-content\/uploads\/2025\/11\/nextcloud.png\" class=\"attachment-medium size-medium wp-image-1448\" alt=\"\" srcset=\"https:\/\/lalibre.net\/wp-content\/uploads\/2025\/11\/nextcloud.png 300w, https:\/\/lalibre.net\/wp-content\/uploads\/2025\/11\/nextcloud-150x150.png 150w\" sizes=\"(max-width: 300px) 100vw, 300px\" \/><\/div>\n\t\t<\/a>\n\t\t\t\t<div class=\"elementor-post__text\">\n\t\t\t\t<h2 class=\"elementor-post__title\">\n\t\t\t<a href=\"https:\/\/lalibre.net\/pt\/recurso\/lo-que-necesitas-saber-de-nextcloud\/\" >\n\t\t\t\tLo que necesitas saber de Nextcloud\t\t\t<\/a>\n\t\t<\/h2>\n\t\t\t\t<\/div>\n\t\t\t\t<\/article>\n\t\t\t\t<article class=\"elementor-post elementor-grid-item post-1811 recurso type-recurso status-publish has-post-thumbnail hentry\" role=\"listitem\">\n\t\t\t\t<a class=\"elementor-post__thumbnail__link\" href=\"https:\/\/lalibre.net\/pt\/recurso\/guia-basica-de-seguridad-en-instagram\/\" tabindex=\"-1\" >\n\t\t\t<div class=\"elementor-post__thumbnail\"><img decoding=\"async\" width=\"300\" height=\"300\" src=\"https:\/\/lalibre.net\/wp-content\/uploads\/2025\/11\/instagram.png\" class=\"attachment-medium size-medium wp-image-1446\" alt=\"\" srcset=\"https:\/\/lalibre.net\/wp-content\/uploads\/2025\/11\/instagram.png 300w, https:\/\/lalibre.net\/wp-content\/uploads\/2025\/11\/instagram-150x150.png 150w\" sizes=\"(max-width: 300px) 100vw, 300px\" \/><\/div>\n\t\t<\/a>\n\t\t\t\t<div class=\"elementor-post__text\">\n\t\t\t\t<h2 class=\"elementor-post__title\">\n\t\t\t<a href=\"https:\/\/lalibre.net\/pt\/recurso\/guia-basica-de-seguridad-en-instagram\/\" >\n\t\t\t\tGuia b\u00e1sica de seguran\u00e7a no Instagram\t\t\t<\/a>\n\t\t<\/h2>\n\t\t\t\t<\/div>\n\t\t\t\t<\/article>\n\t\t\t\t<article class=\"elementor-post elementor-grid-item post-1618 recurso type-recurso status-publish has-post-thumbnail hentry\" role=\"listitem\">\n\t\t\t\t<a class=\"elementor-post__thumbnail__link\" href=\"https:\/\/lalibre.net\/pt\/recurso\/configura-whatsapp-de-forma-segura\/\" tabindex=\"-1\" >\n\t\t\t<div class=\"elementor-post__thumbnail\"><img decoding=\"async\" width=\"300\" height=\"300\" src=\"https:\/\/lalibre.net\/wp-content\/uploads\/2025\/11\/whatsapp.png\" class=\"attachment-medium size-medium wp-image-1455\" alt=\"\" srcset=\"https:\/\/lalibre.net\/wp-content\/uploads\/2025\/11\/whatsapp.png 300w, https:\/\/lalibre.net\/wp-content\/uploads\/2025\/11\/whatsapp-150x150.png 150w\" sizes=\"(max-width: 300px) 100vw, 300px\" \/><\/div>\n\t\t<\/a>\n\t\t\t\t<div class=\"elementor-post__text\">\n\t\t\t\t<h2 class=\"elementor-post__title\">\n\t\t\t<a href=\"https:\/\/lalibre.net\/pt\/recurso\/configura-whatsapp-de-forma-segura\/\" >\n\t\t\t\tConfigure o WhatsApp de forma segura\t\t\t<\/a>\n\t\t<\/h2>\n\t\t\t\t<\/div>\n\t\t\t\t<\/article>\n\t\t\t\t<article class=\"elementor-post elementor-grid-item post-1534 recurso type-recurso status-publish has-post-thumbnail hentry\" role=\"listitem\">\n\t\t\t\t<a class=\"elementor-post__thumbnail__link\" href=\"https:\/\/lalibre.net\/pt\/recurso\/manual-para-configurar-signal-de-forma-segura\/\" tabindex=\"-1\" >\n\t\t\t<div class=\"elementor-post__thumbnail\"><img loading=\"lazy\" decoding=\"async\" width=\"300\" height=\"300\" src=\"https:\/\/lalibre.net\/wp-content\/uploads\/2025\/11\/signal.png\" class=\"attachment-medium size-medium wp-image-1452\" alt=\"\" srcset=\"https:\/\/lalibre.net\/wp-content\/uploads\/2025\/11\/signal.png 300w, https:\/\/lalibre.net\/wp-content\/uploads\/2025\/11\/signal-150x150.png 150w\" sizes=\"(max-width: 300px) 100vw, 300px\" \/><\/div>\n\t\t<\/a>\n\t\t\t\t<div class=\"elementor-post__text\">\n\t\t\t\t<h2 class=\"elementor-post__title\">\n\t\t\t<a href=\"https:\/\/lalibre.net\/pt\/recurso\/manual-para-configurar-signal-de-forma-segura\/\" >\n\t\t\t\tAjustes clave para tener un Signal m\u00e1s privado\t\t\t<\/a>\n\t\t<\/h2>\n\t\t\t\t<\/div>\n\t\t\t\t<\/article>\n\t\t\t\t<article class=\"elementor-post elementor-grid-item post-1472 recurso type-recurso status-publish has-post-thumbnail hentry\" role=\"listitem\">\n\t\t\t\t<a class=\"elementor-post__thumbnail__link\" href=\"https:\/\/lalibre.net\/pt\/recurso\/guia_riseup\/\" tabindex=\"-1\" >\n\t\t\t<div class=\"elementor-post__thumbnail\"><img loading=\"lazy\" decoding=\"async\" width=\"300\" height=\"300\" src=\"https:\/\/lalibre.net\/wp-content\/uploads\/2025\/11\/Riseup-VPN.png\" class=\"attachment-medium size-medium wp-image-1450\" alt=\"\" srcset=\"https:\/\/lalibre.net\/wp-content\/uploads\/2025\/11\/Riseup-VPN.png 300w, https:\/\/lalibre.net\/wp-content\/uploads\/2025\/11\/Riseup-VPN-150x150.png 150w\" sizes=\"(max-width: 300px) 100vw, 300px\" \/><\/div>\n\t\t<\/a>\n\t\t\t\t<div class=\"elementor-post__text\">\n\t\t\t\t<h2 class=\"elementor-post__title\">\n\t\t\t<a href=\"https:\/\/lalibre.net\/pt\/recurso\/guia_riseup\/\" >\n\t\t\t\tGuia essencial do Riseup VPN\t\t\t<\/a>\n\t\t<\/h2>\n\t\t\t\t<\/div>\n\t\t\t\t<\/article>\n\t\t\t\t<article class=\"elementor-post elementor-grid-item post-1359 recurso type-recurso status-publish has-post-thumbnail hentry\" role=\"listitem\">\n\t\t\t\t<a class=\"elementor-post__thumbnail__link\" href=\"https:\/\/lalibre.net\/pt\/recurso\/roundcube-webmail\/\" tabindex=\"-1\" >\n\t\t\t<div class=\"elementor-post__thumbnail\"><img loading=\"lazy\" decoding=\"async\" width=\"300\" height=\"300\" src=\"https:\/\/lalibre.net\/wp-content\/uploads\/2025\/11\/roundcubee.png\" class=\"attachment-medium size-medium wp-image-1451\" alt=\"\" srcset=\"https:\/\/lalibre.net\/wp-content\/uploads\/2025\/11\/roundcubee.png 300w, https:\/\/lalibre.net\/wp-content\/uploads\/2025\/11\/roundcubee-150x150.png 150w\" sizes=\"(max-width: 300px) 100vw, 300px\" \/><\/div>\n\t\t<\/a>\n\t\t\t\t<div class=\"elementor-post__text\">\n\t\t\t\t<h2 class=\"elementor-post__title\">\n\t\t\t<a href=\"https:\/\/lalibre.net\/pt\/recurso\/roundcube-webmail\/\" >\n\t\t\t\tC\u00f3mo usar Roundcube, el webmail que respeta tu privacidad\t\t\t<\/a>\n\t\t<\/h2>\n\t\t\t\t<\/div>\n\t\t\t\t<\/article>\n\t\t\t\t<article class=\"elementor-post elementor-grid-item post-1295 recurso type-recurso status-publish has-post-thumbnail hentry\" role=\"listitem\">\n\t\t\t\t<a class=\"elementor-post__thumbnail__link\" href=\"https:\/\/lalibre.net\/pt\/recurso\/ooni\/\" tabindex=\"-1\" >\n\t\t\t<div class=\"elementor-post__thumbnail\"><img loading=\"lazy\" decoding=\"async\" width=\"300\" height=\"300\" src=\"https:\/\/lalibre.net\/wp-content\/uploads\/2025\/11\/ooni.png\" class=\"attachment-medium size-medium wp-image-1449\" alt=\"\" srcset=\"https:\/\/lalibre.net\/wp-content\/uploads\/2025\/11\/ooni.png 300w, https:\/\/lalibre.net\/wp-content\/uploads\/2025\/11\/ooni-150x150.png 150w\" sizes=\"(max-width: 300px) 100vw, 300px\" \/><\/div>\n\t\t<\/a>\n\t\t\t\t<div class=\"elementor-post__text\">\n\t\t\t\t<h2 class=\"elementor-post__title\">\n\t\t\t<a href=\"https:\/\/lalibre.net\/pt\/recurso\/ooni\/\" >\n\t\t\t\tMedindo a censura: guia pr\u00e1tico para usar o OONI\t\t\t<\/a>\n\t\t<\/h2>\n\t\t\t\t<\/div>\n\t\t\t\t<\/article>\n\t\t\t\t<article class=\"elementor-post elementor-grid-item post-1172 recurso type-recurso status-publish has-post-thumbnail hentry\" role=\"listitem\">\n\t\t\t\t<a class=\"elementor-post__thumbnail__link\" href=\"https:\/\/lalibre.net\/pt\/recurso\/tella\/\" tabindex=\"-1\" >\n\t\t\t<div class=\"elementor-post__thumbnail\"><img loading=\"lazy\" decoding=\"async\" width=\"300\" height=\"300\" src=\"https:\/\/lalibre.net\/wp-content\/uploads\/2025\/11\/tella.png\" class=\"attachment-medium size-medium wp-image-1453\" alt=\"\" srcset=\"https:\/\/lalibre.net\/wp-content\/uploads\/2025\/11\/tella.png 300w, https:\/\/lalibre.net\/wp-content\/uploads\/2025\/11\/tella-150x150.png 150w\" sizes=\"(max-width: 300px) 100vw, 300px\" \/><\/div>\n\t\t<\/a>\n\t\t\t\t<div class=\"elementor-post__text\">\n\t\t\t\t<h2 class=\"elementor-post__title\">\n\t\t\t<a href=\"https:\/\/lalibre.net\/pt\/recurso\/tella\/\" >\n\t\t\t\tDocumentar sin riesgos: pon Tella a punto\t\t\t<\/a>\n\t\t<\/h2>\n\t\t\t\t<\/div>\n\t\t\t\t<\/article>\n\t\t\t\t<article class=\"elementor-post elementor-grid-item post-1143 recurso type-recurso status-publish has-post-thumbnail hentry\" role=\"listitem\">\n\t\t\t\t<a class=\"elementor-post__thumbnail__link\" href=\"https:\/\/lalibre.net\/pt\/recurso\/autenticacion-de-dos-factores-freeotp\/\" tabindex=\"-1\" >\n\t\t\t<div class=\"elementor-post__thumbnail\"><img loading=\"lazy\" decoding=\"async\" width=\"300\" height=\"300\" src=\"https:\/\/lalibre.net\/wp-content\/uploads\/2025\/11\/free-otp.png\" class=\"attachment-medium size-medium wp-image-1445\" alt=\"\" srcset=\"https:\/\/lalibre.net\/wp-content\/uploads\/2025\/11\/free-otp.png 300w, https:\/\/lalibre.net\/wp-content\/uploads\/2025\/11\/free-otp-150x150.png 150w\" sizes=\"(max-width: 300px) 100vw, 300px\" \/><\/div>\n\t\t<\/a>\n\t\t\t\t<div class=\"elementor-post__text\">\n\t\t\t\t<h2 class=\"elementor-post__title\">\n\t\t\t<a href=\"https:\/\/lalibre.net\/pt\/recurso\/autenticacion-de-dos-factores-freeotp\/\" >\n\t\t\t\tAutentica\u00e7\u00e3o de dois fatores com FreeOTP\t\t\t<\/a>\n\t\t<\/h2>\n\t\t\t\t<\/div>\n\t\t\t\t<\/article>\n\t\t\t\t<article class=\"elementor-post elementor-grid-item post-1024 recurso type-recurso status-publish has-post-thumbnail hentry\" role=\"listitem\">\n\t\t\t\t<a class=\"elementor-post__thumbnail__link\" href=\"https:\/\/lalibre.net\/pt\/recurso\/exiftool\/\" tabindex=\"-1\" >\n\t\t\t<div class=\"elementor-post__thumbnail\"><img loading=\"lazy\" decoding=\"async\" width=\"300\" height=\"300\" src=\"https:\/\/lalibre.net\/wp-content\/uploads\/2025\/11\/exiftool.png\" class=\"attachment-medium size-medium wp-image-1444\" alt=\"\" srcset=\"https:\/\/lalibre.net\/wp-content\/uploads\/2025\/11\/exiftool.png 300w, https:\/\/lalibre.net\/wp-content\/uploads\/2025\/11\/exiftool-150x150.png 150w\" sizes=\"(max-width: 300px) 100vw, 300px\" \/><\/div>\n\t\t<\/a>\n\t\t\t\t<div class=\"elementor-post__text\">\n\t\t\t\t<h2 class=\"elementor-post__title\">\n\t\t\t<a href=\"https:\/\/lalibre.net\/pt\/recurso\/exiftool\/\" >\n\t\t\t\tExifTool do zero\t\t\t<\/a>\n\t\t<\/h2>\n\t\t\t\t<\/div>\n\t\t\t\t<\/article>\n\t\t\t\t<article class=\"elementor-post elementor-grid-item post-1012 recurso type-recurso status-publish has-post-thumbnail hentry\" role=\"listitem\">\n\t\t\t\t<a class=\"elementor-post__thumbnail__link\" href=\"https:\/\/lalibre.net\/pt\/recurso\/briar\/\" tabindex=\"-1\" >\n\t\t\t<div class=\"elementor-post__thumbnail\"><img loading=\"lazy\" decoding=\"async\" width=\"300\" height=\"300\" src=\"https:\/\/lalibre.net\/wp-content\/uploads\/2025\/11\/briar.png\" class=\"attachment-medium size-medium wp-image-1443\" alt=\"\" srcset=\"https:\/\/lalibre.net\/wp-content\/uploads\/2025\/11\/briar.png 300w, https:\/\/lalibre.net\/wp-content\/uploads\/2025\/11\/briar-150x150.png 150w\" sizes=\"(max-width: 300px) 100vw, 300px\" \/><\/div>\n\t\t<\/a>\n\t\t\t\t<div class=\"elementor-post__text\">\n\t\t\t\t<h2 class=\"elementor-post__title\">\n\t\t\t<a href=\"https:\/\/lalibre.net\/pt\/recurso\/briar\/\" >\n\t\t\t\tC\u00f3mo configurar Briar para comunicarte sin depender de internet\t\t\t<\/a>\n\t\t<\/h2>\n\t\t\t\t<\/div>\n\t\t\t\t<\/article>\n\t\t\t\t<article class=\"elementor-post elementor-grid-item post-995 recurso type-recurso status-publish has-post-thumbnail hentry\" role=\"listitem\">\n\t\t\t\t<a class=\"elementor-post__thumbnail__link\" href=\"https:\/\/lalibre.net\/pt\/recurso\/manual-de-instalacion-y-uso-de-2fas-authenticator\/\" tabindex=\"-1\" >\n\t\t\t<div class=\"elementor-post__thumbnail\"><img loading=\"lazy\" decoding=\"async\" width=\"300\" height=\"300\" src=\"https:\/\/lalibre.net\/wp-content\/uploads\/2025\/11\/2FAS-authenticator.png\" class=\"attachment-medium size-medium wp-image-1442\" alt=\"\" srcset=\"https:\/\/lalibre.net\/wp-content\/uploads\/2025\/11\/2FAS-authenticator.png 300w, https:\/\/lalibre.net\/wp-content\/uploads\/2025\/11\/2FAS-authenticator-150x150.png 150w\" sizes=\"(max-width: 300px) 100vw, 300px\" \/><\/div>\n\t\t<\/a>\n\t\t\t\t<div class=\"elementor-post__text\">\n\t\t\t\t<h2 class=\"elementor-post__title\">\n\t\t\t<a href=\"https:\/\/lalibre.net\/pt\/recurso\/manual-de-instalacion-y-uso-de-2fas-authenticator\/\" >\n\t\t\t\tManual de instala\u00e7\u00e3o e uso do 2FAS Authenticator\t\t\t<\/a>\n\t\t<\/h2>\n\t\t\t\t<\/div>\n\t\t\t\t<\/article>\n\t\t\t\t<article class=\"elementor-post elementor-grid-item post-835 recurso type-recurso status-publish has-post-thumbnail hentry\" role=\"listitem\">\n\t\t\t\t<a class=\"elementor-post__thumbnail__link\" href=\"https:\/\/lalibre.net\/pt\/recurso\/keepassxc\/\" tabindex=\"-1\" >\n\t\t\t<div class=\"elementor-post__thumbnail\"><img loading=\"lazy\" decoding=\"async\" width=\"300\" height=\"300\" src=\"https:\/\/lalibre.net\/wp-content\/uploads\/2025\/11\/KeePass.png\" class=\"attachment-medium size-medium wp-image-1447\" alt=\"\" srcset=\"https:\/\/lalibre.net\/wp-content\/uploads\/2025\/11\/KeePass.png 300w, https:\/\/lalibre.net\/wp-content\/uploads\/2025\/11\/KeePass-150x150.png 150w\" sizes=\"(max-width: 300px) 100vw, 300px\" \/><\/div>\n\t\t<\/a>\n\t\t\t\t<div class=\"elementor-post__text\">\n\t\t\t\t<h2 class=\"elementor-post__title\">\n\t\t\t<a href=\"https:\/\/lalibre.net\/pt\/recurso\/keepassxc\/\" >\n\t\t\t\tManual de uso do KeePassXC\t\t\t<\/a>\n\t\t<\/h2>\n\t\t\t\t<\/div>\n\t\t\t\t<\/article>\n\t\t\t\t<\/div>\n\t\t\n\t\t\t\t\t\t<\/div>\n\t\t\t\t<\/div>\n\t\t\t\t<\/div>\n\t\t\t\t<\/div>","protected":false},"excerpt":{"rendered":"<p>Documentaci\u00f3n Compartimos recursos y gu\u00edas paso a paso para aprender y fortalecer nuestros conocimientos en seguridad digital. Aqu\u00ed encontrar\u00e1s herramientas libres y de c\u00f3digo abierto<\/p>","protected":false},"author":1,"featured_media":0,"parent":0,"menu_order":0,"comment_status":"closed","ping_status":"closed","template":"elementor_header_footer","meta":{"_acf_changed":false,"footnotes":""},"class_list":["post-409","page","type-page","status-publish","hentry"],"acf":[],"yoast_head":"<!-- This site is optimized with the Yoast SEO plugin v27.5 - https:\/\/yoast.com\/product\/yoast-seo-wordpress\/ -->\n<title>DOCUMENTACI\u00d3N - LaLibre<\/title>\n<meta name=\"robots\" content=\"index, follow, max-snippet:-1, max-image-preview:large, max-video-preview:-1\" \/>\n<link rel=\"canonical\" href=\"https:\/\/lalibre.net\/pt\/documentacion\/\" \/>\n<meta property=\"og:locale\" content=\"pt_BR\" \/>\n<meta property=\"og:type\" content=\"article\" \/>\n<meta property=\"og:title\" content=\"DOCUMENTACI\u00d3N - LaLibre\" \/>\n<meta property=\"og:description\" content=\"Documentaci\u00f3n Compartimos recursos y gu\u00edas paso a paso para aprender y fortalecer nuestros conocimientos en seguridad digital. Aqu\u00ed encontrar\u00e1s herramientas libres y de c\u00f3digo abierto\" \/>\n<meta property=\"og:url\" content=\"https:\/\/lalibre.net\/pt\/documentacion\/\" \/>\n<meta property=\"og:site_name\" content=\"LaLibre\" \/>\n<meta property=\"article:modified_time\" content=\"2026-03-30T17:38:31+00:00\" \/>\n<meta name=\"twitter:card\" content=\"summary_large_image\" \/>\n<meta name=\"twitter:label1\" content=\"Est. tempo de leitura\" \/>\n\t<meta name=\"twitter:data1\" content=\"3 minutos\" \/>\n<script type=\"application\/ld+json\" class=\"yoast-schema-graph\">{\"@context\":\"https:\\\/\\\/schema.org\",\"@graph\":[{\"@type\":\"WebPage\",\"@id\":\"https:\\\/\\\/lalibre.net\\\/documentacion\\\/\",\"url\":\"https:\\\/\\\/lalibre.net\\\/documentacion\\\/\",\"name\":\"DOCUMENTACI\u00d3N - LaLibre\",\"isPartOf\":{\"@id\":\"https:\\\/\\\/lalibre.net\\\/#website\"},\"datePublished\":\"2023-04-03T21:48:02+00:00\",\"dateModified\":\"2026-03-30T17:38:31+00:00\",\"breadcrumb\":{\"@id\":\"https:\\\/\\\/lalibre.net\\\/documentacion\\\/#breadcrumb\"},\"inLanguage\":\"pt-BR\",\"potentialAction\":[{\"@type\":\"ReadAction\",\"target\":[\"https:\\\/\\\/lalibre.net\\\/documentacion\\\/\"]}]},{\"@type\":\"BreadcrumbList\",\"@id\":\"https:\\\/\\\/lalibre.net\\\/documentacion\\\/#breadcrumb\",\"itemListElement\":[{\"@type\":\"ListItem\",\"position\":1,\"name\":\"Portada\",\"item\":\"https:\\\/\\\/lalibre.net\\\/\"},{\"@type\":\"ListItem\",\"position\":2,\"name\":\"DOCUMENTACI\u00d3N\"}]},{\"@type\":\"WebSite\",\"@id\":\"https:\\\/\\\/lalibre.net\\\/#website\",\"url\":\"https:\\\/\\\/lalibre.net\\\/\",\"name\":\"LaLibre\",\"description\":\"Tecnolog\u00edas Comunitarias\",\"potentialAction\":[{\"@type\":\"SearchAction\",\"target\":{\"@type\":\"EntryPoint\",\"urlTemplate\":\"https:\\\/\\\/lalibre.net\\\/?s={search_term_string}\"},\"query-input\":{\"@type\":\"PropertyValueSpecification\",\"valueRequired\":true,\"valueName\":\"search_term_string\"}}],\"inLanguage\":\"pt-BR\"}]}<\/script>\n<!-- \/ Yoast SEO plugin. -->","yoast_head_json":{"title":"DOCUMENTACI\u00d3N - LaLibre","robots":{"index":"index","follow":"follow","max-snippet":"max-snippet:-1","max-image-preview":"max-image-preview:large","max-video-preview":"max-video-preview:-1"},"canonical":"https:\/\/lalibre.net\/pt\/documentacion\/","og_locale":"pt_BR","og_type":"article","og_title":"DOCUMENTACI\u00d3N - LaLibre","og_description":"Documentaci\u00f3n Compartimos recursos y gu\u00edas paso a paso para aprender y fortalecer nuestros conocimientos en seguridad digital. Aqu\u00ed encontrar\u00e1s herramientas libres y de c\u00f3digo abierto","og_url":"https:\/\/lalibre.net\/pt\/documentacion\/","og_site_name":"LaLibre","article_modified_time":"2026-03-30T17:38:31+00:00","twitter_card":"summary_large_image","twitter_misc":{"Est. tempo de leitura":"3 minutos"},"schema":{"@context":"https:\/\/schema.org","@graph":[{"@type":"WebPage","@id":"https:\/\/lalibre.net\/documentacion\/","url":"https:\/\/lalibre.net\/documentacion\/","name":"DOCUMENTACI\u00d3N - LaLibre","isPartOf":{"@id":"https:\/\/lalibre.net\/#website"},"datePublished":"2023-04-03T21:48:02+00:00","dateModified":"2026-03-30T17:38:31+00:00","breadcrumb":{"@id":"https:\/\/lalibre.net\/documentacion\/#breadcrumb"},"inLanguage":"pt-BR","potentialAction":[{"@type":"ReadAction","target":["https:\/\/lalibre.net\/documentacion\/"]}]},{"@type":"BreadcrumbList","@id":"https:\/\/lalibre.net\/documentacion\/#breadcrumb","itemListElement":[{"@type":"ListItem","position":1,"name":"Portada","item":"https:\/\/lalibre.net\/"},{"@type":"ListItem","position":2,"name":"DOCUMENTACI\u00d3N"}]},{"@type":"WebSite","@id":"https:\/\/lalibre.net\/#website","url":"https:\/\/lalibre.net\/","name":"LaLibre","description":"Tecnolog\u00edas Comunitarias","potentialAction":[{"@type":"SearchAction","target":{"@type":"EntryPoint","urlTemplate":"https:\/\/lalibre.net\/?s={search_term_string}"},"query-input":{"@type":"PropertyValueSpecification","valueRequired":true,"valueName":"search_term_string"}}],"inLanguage":"pt-BR"}]}},"_links":{"self":[{"href":"https:\/\/lalibre.net\/pt\/wp-json\/wp\/v2\/pages\/409","targetHints":{"allow":["GET"]}}],"collection":[{"href":"https:\/\/lalibre.net\/pt\/wp-json\/wp\/v2\/pages"}],"about":[{"href":"https:\/\/lalibre.net\/pt\/wp-json\/wp\/v2\/types\/page"}],"author":[{"embeddable":true,"href":"https:\/\/lalibre.net\/pt\/wp-json\/wp\/v2\/users\/1"}],"replies":[{"embeddable":true,"href":"https:\/\/lalibre.net\/pt\/wp-json\/wp\/v2\/comments?post=409"}],"version-history":[{"count":105,"href":"https:\/\/lalibre.net\/pt\/wp-json\/wp\/v2\/pages\/409\/revisions"}],"predecessor-version":[{"id":2188,"href":"https:\/\/lalibre.net\/pt\/wp-json\/wp\/v2\/pages\/409\/revisions\/2188"}],"wp:attachment":[{"href":"https:\/\/lalibre.net\/pt\/wp-json\/wp\/v2\/media?parent=409"}],"curies":[{"name":"wp","href":"https:\/\/api.w.org\/{rel}","templated":true}]}}